{"id":91,"date":"2018-08-09T12:35:35","date_gmt":"2018-08-09T12:35:35","guid":{"rendered":"https:\/\/demosites.io\/neve\/?page_id=2"},"modified":"2021-06-25T23:07:19","modified_gmt":"2021-06-25T23:07:19","slug":"df480-home","status":"publish","type":"page","link":"https:\/\/andresmellado.es\/","title":{"rendered":"Home"},"content":{"rendered":"\t\t<div data-elementor-type=\"wp-post\" data-elementor-id=\"91\" class=\"elementor elementor-91\">\n\t\t\t\t\t\t<div class=\"elementor-inner\">\n\t\t\t\t<div class=\"elementor-section-wrap\">\n\t\t\t\t\t\t\t\t\t<section class=\"elementor-section elementor-top-section elementor-element elementor-element-6bea8fc8 elementor-section-boxed elementor-section-height-default elementor-section-height-default\" data-id=\"6bea8fc8\" data-element_type=\"section\" data-settings=\"{&quot;background_background&quot;:&quot;classic&quot;}\">\n\t\t\t\t\t\t\t<div class=\"elementor-background-overlay\"><\/div>\n\t\t\t\t\t\t\t<div class=\"elementor-container elementor-column-gap-default\">\n\t\t\t\t\t\t\t<div class=\"elementor-row\">\n\t\t\t\t\t<div class=\"elementor-column elementor-col-100 elementor-top-column elementor-element elementor-element-c206e1f\" data-id=\"c206e1f\" data-element_type=\"column\">\n\t\t\t<div class=\"elementor-column-wrap elementor-element-populated\">\n\t\t\t\t\t\t\t<div class=\"elementor-widget-wrap\">\n\t\t\t\t\t\t<div class=\"elementor-element elementor-element-15864e9 elementor-invisible elementor-widget elementor-widget-heading\" data-id=\"15864e9\" data-element_type=\"widget\" data-settings=\"{&quot;_animation&quot;:&quot;fadeInRight&quot;}\" data-widget_type=\"heading.default\">\n\t\t\t\t<div class=\"elementor-widget-container\">\n\t\t\t<h2 class=\"elementor-heading-title elementor-size-default\">Andr\u00e9s Mellado\n<\/h2>\t\t<\/div>\n\t\t\t\t<\/div>\n\t\t\t\t<div class=\"elementor-element elementor-element-bbd66e2 elementor-invisible elementor-widget elementor-widget-heading\" data-id=\"bbd66e2\" data-element_type=\"widget\" data-settings=\"{&quot;_animation&quot;:&quot;fadeInRight&quot;}\" data-widget_type=\"heading.default\">\n\t\t\t\t<div class=\"elementor-widget-container\">\n\t\t\t<h2 class=\"elementor-heading-title elementor-size-default\">Terapeuta Integrativo LGTB<\/h2>\t\t<\/div>\n\t\t\t\t<\/div>\n\t\t\t\t<div class=\"elementor-element elementor-element-19cd67d7 elementor-invisible elementor-widget elementor-widget-heading\" data-id=\"19cd67d7\" data-element_type=\"widget\" data-settings=\"{&quot;_animation&quot;:&quot;fadeInLeft&quot;}\" data-widget_type=\"heading.default\">\n\t\t\t\t<div class=\"elementor-widget-container\">\n\t\t\t<h1 class=\"elementor-heading-title elementor-size-default\">Te acompa\u00f1o a sentirte mejor contigo mismo y con el mundo<\/h1>\t\t<\/div>\n\t\t\t\t<\/div>\n\t\t\t\t\t\t<\/div>\n\t\t\t\t\t<\/div>\n\t\t<\/div>\n\t\t\t\t\t\t\t\t<\/div>\n\t\t\t\t\t<\/div>\n\t\t<\/section>\n\t\t\t\t<section class=\"elementor-section elementor-top-section elementor-element elementor-element-c5db889 elementor-section-boxed elementor-section-height-default elementor-section-height-default\" data-id=\"c5db889\" data-element_type=\"section\">\n\t\t\t\t\t\t<div class=\"elementor-container elementor-column-gap-default\">\n\t\t\t\t\t\t\t<div class=\"elementor-row\">\n\t\t\t\t\t<div class=\"elementor-column elementor-col-50 elementor-top-column elementor-element elementor-element-f46fb6c\" data-id=\"f46fb6c\" data-element_type=\"column\">\n\t\t\t<div class=\"elementor-column-wrap elementor-element-populated\">\n\t\t\t\t\t\t\t<div class=\"elementor-widget-wrap\">\n\t\t\t\t\t\t<div class=\"elementor-element elementor-element-8e4ebc7 elementor-widget elementor-widget-spacer\" data-id=\"8e4ebc7\" data-element_type=\"widget\" data-widget_type=\"spacer.default\">\n\t\t\t\t<div class=\"elementor-widget-container\">\n\t\t\t\t\t<div class=\"elementor-spacer\">\n\t\t\t<div class=\"elementor-spacer-inner\"><\/div>\n\t\t<\/div>\n\t\t\t\t<\/div>\n\t\t\t\t<\/div>\n\t\t\t\t<div class=\"elementor-element elementor-element-a708b32 elementor-widget elementor-widget-heading\" data-id=\"a708b32\" data-element_type=\"widget\" data-widget_type=\"heading.default\">\n\t\t\t\t<div class=\"elementor-widget-container\">\n\t\t\t<h2 class=\"elementor-heading-title elementor-size-default\">Qui\u00e9n soy<\/h2>\t\t<\/div>\n\t\t\t\t<\/div>\n\t\t\t\t<div class=\"elementor-element elementor-element-2eacaafe elementor-invisible elementor-widget elementor-widget-text-editor\" data-id=\"2eacaafe\" data-element_type=\"widget\" data-settings=\"{&quot;_animation&quot;:&quot;fadeInLeft&quot;}\" data-widget_type=\"text-editor.default\">\n\t\t\t\t<div class=\"elementor-widget-container\">\n\t\t\t\t\t\t\t\t<div class=\"elementor-text-editor elementor-clearfix\">\n\t\t\t\t<h4 style=\"text-align: center;\"><span style=\"color: #000000;\">Hola, soy Andr\u00e9s Mellado, terapeuta Integrativo LGTB. Te acompa\u00f1o a resolver conflictos o dificultades personales, emocionales o relacionales que generan sufrimiento, incertidumbre o malestar, para encontrar un equilibrio y poder vivir una vida con presencia y plenitud.<\/span><b><\/b><\/h4>\t\t\t\t\t<\/div>\n\t\t\t\t\t\t<\/div>\n\t\t\t\t<\/div>\n\t\t\t\t<div class=\"elementor-element elementor-element-4389502 elementor-invisible elementor-widget elementor-widget-text-editor\" data-id=\"4389502\" data-element_type=\"widget\" data-settings=\"{&quot;_animation&quot;:&quot;fadeInRight&quot;}\" data-widget_type=\"text-editor.default\">\n\t\t\t\t<div class=\"elementor-widget-container\">\n\t\t\t\t\t\t\t\t<div class=\"elementor-text-editor elementor-clearfix\">\n\t\t\t\t<p>Descrubre m\u00e1s en men\u00fa \u00absobre mi\u00bb<\/p>\t\t\t\t\t<\/div>\n\t\t\t\t\t\t<\/div>\n\t\t\t\t<\/div>\n\t\t\t\t\t\t<\/div>\n\t\t\t\t\t<\/div>\n\t\t<\/div>\n\t\t\t\t<div class=\"elementor-column elementor-col-50 elementor-top-column elementor-element elementor-element-e0a363a\" data-id=\"e0a363a\" data-element_type=\"column\">\n\t\t\t<div class=\"elementor-column-wrap elementor-element-populated\">\n\t\t\t\t\t\t\t<div class=\"elementor-widget-wrap\">\n\t\t\t\t\t\t<div class=\"elementor-element elementor-element-ba919a8 elementor-widget elementor-widget-spacer\" data-id=\"ba919a8\" data-element_type=\"widget\" data-widget_type=\"spacer.default\">\n\t\t\t\t<div class=\"elementor-widget-container\">\n\t\t\t\t\t<div class=\"elementor-spacer\">\n\t\t\t<div class=\"elementor-spacer-inner\"><\/div>\n\t\t<\/div>\n\t\t\t\t<\/div>\n\t\t\t\t<\/div>\n\t\t\t\t<div class=\"elementor-element elementor-element-5f48ea1 elementor-widget elementor-widget-image\" data-id=\"5f48ea1\" data-element_type=\"widget\" data-widget_type=\"image.default\">\n\t\t\t\t<div class=\"elementor-widget-container\">\n\t\t\t\t\t\t\t\t<div class=\"elementor-image\">\n\t\t\t\t\t\t\t\t\t\t\t\t<img decoding=\"async\" src=\"https:\/\/andresmellado.es\/wp-content\/uploads\/2021\/01\/P1010020-2-scaled.jpg\" title=\"P1010020 (2)\" alt=\"P1010020 (2)\" loading=\"lazy\" \/>\t\t\t\t\t\t\t\t\t\t\t\t\t\t<\/div>\n\t\t\t\t\t\t<\/div>\n\t\t\t\t<\/div>\n\t\t\t\t\t\t<\/div>\n\t\t\t\t\t<\/div>\n\t\t<\/div>\n\t\t\t\t\t\t\t\t<\/div>\n\t\t\t\t\t<\/div>\n\t\t<\/section>\n\t\t\t\t<section class=\"elementor-section elementor-top-section elementor-element elementor-element-227f98f9 elementor-section-boxed elementor-section-height-default elementor-section-height-default\" data-id=\"227f98f9\" data-element_type=\"section\">\n\t\t\t\t\t\t<div class=\"elementor-container elementor-column-gap-default\">\n\t\t\t\t\t\t\t<div class=\"elementor-row\">\n\t\t\t\t\t<div class=\"elementor-column elementor-col-100 elementor-top-column elementor-element elementor-element-42420674\" data-id=\"42420674\" data-element_type=\"column\">\n\t\t\t<div class=\"elementor-column-wrap elementor-element-populated\">\n\t\t\t\t\t\t\t<div class=\"elementor-widget-wrap\">\n\t\t\t\t\t\t<div class=\"elementor-element elementor-element-25837e4 elementor-widget elementor-widget-spacer\" data-id=\"25837e4\" data-element_type=\"widget\" data-widget_type=\"spacer.default\">\n\t\t\t\t<div class=\"elementor-widget-container\">\n\t\t\t\t\t<div class=\"elementor-spacer\">\n\t\t\t<div class=\"elementor-spacer-inner\"><\/div>\n\t\t<\/div>\n\t\t\t\t<\/div>\n\t\t\t\t<\/div>\n\t\t\t\t<div class=\"elementor-element elementor-element-5381906 elementor-invisible elementor-widget elementor-widget-text-editor\" data-id=\"5381906\" data-element_type=\"widget\" data-settings=\"{&quot;_animation&quot;:&quot;fadeInLeft&quot;}\" data-widget_type=\"text-editor.default\">\n\t\t\t\t<div class=\"elementor-widget-container\">\n\t\t\t\t\t\t\t\t<div class=\"elementor-text-editor elementor-clearfix\">\n\t\t\t\t<h2>\u00bfSientes la necesidad de un cambio en tu vida?<\/h2><h2>\u00bfTe encuentras perdido emocionalmente y necesitas encontrarte?<\/h2><h2>\u00bfQuieres tomar m\u00e1s conciencia de ti mismo y de los que te rodean?<\/h2><h2>\u00bfVas repitiendo relaciones t\u00f3xicas que no te dejan avanzar?<\/h2><h2>\u00bfO simplemente sientes que algo falla en ti y no sabes qu\u00e9 es?<\/h2>\t\t\t\t\t<\/div>\n\t\t\t\t\t\t<\/div>\n\t\t\t\t<\/div>\n\t\t\t\t<div class=\"elementor-element elementor-element-76ed4b8 elementor-invisible elementor-widget elementor-widget-text-editor\" data-id=\"76ed4b8\" data-element_type=\"widget\" data-settings=\"{&quot;_animation&quot;:&quot;fadeInRight&quot;}\" data-widget_type=\"text-editor.default\">\n\t\t\t\t<div class=\"elementor-widget-container\">\n\t\t\t\t\t\t\t\t<div class=\"elementor-text-editor elementor-clearfix\">\n\t\t\t\t<p>Te respondo en \u00abMetodolog\u00eda\u00bb<\/p>\t\t\t\t\t<\/div>\n\t\t\t\t\t\t<\/div>\n\t\t\t\t<\/div>\n\t\t\t\t<div class=\"elementor-element elementor-element-ccdfdca elementor-widget-divider--view-line elementor-widget elementor-widget-divider\" data-id=\"ccdfdca\" data-element_type=\"widget\" data-widget_type=\"divider.default\">\n\t\t\t\t<div class=\"elementor-widget-container\">\n\t\t\t\t\t<div class=\"elementor-divider\">\n\t\t\t<span class=\"elementor-divider-separator\">\n\t\t\t\t\t\t<\/span>\n\t\t<\/div>\n\t\t\t\t<\/div>\n\t\t\t\t<\/div>\n\t\t\t\t<div class=\"elementor-element elementor-element-9427b85 elementor-widget elementor-widget-spacer\" data-id=\"9427b85\" data-element_type=\"widget\" data-widget_type=\"spacer.default\">\n\t\t\t\t<div class=\"elementor-widget-container\">\n\t\t\t\t\t<div class=\"elementor-spacer\">\n\t\t\t<div class=\"elementor-spacer-inner\"><\/div>\n\t\t<\/div>\n\t\t\t\t<\/div>\n\t\t\t\t<\/div>\n\t\t\t\t<div class=\"elementor-element elementor-element-bb5a138 elementor-widget elementor-widget-image\" data-id=\"bb5a138\" data-element_type=\"widget\" data-widget_type=\"image.default\">\n\t\t\t\t<div class=\"elementor-widget-container\">\n\t\t\t\t\t\t\t\t<div class=\"elementor-image\">\n\t\t\t\t\t\t\t\t\t\t\t\t<img decoding=\"async\" src=\"https:\/\/andresmellado.es\/wp-content\/uploads\/2021\/02\/IMG_20180814_000315-scaled.jpg\" title=\"sdr\" alt=\"sdr\" loading=\"lazy\" \/>\t\t\t\t\t\t\t\t\t\t\t\t\t\t<\/div>\n\t\t\t\t\t\t<\/div>\n\t\t\t\t<\/div>\n\t\t\t\t<div class=\"elementor-element elementor-element-722c741 elementor-invisible elementor-widget elementor-widget-text-editor\" data-id=\"722c741\" data-element_type=\"widget\" data-settings=\"{&quot;_animation&quot;:&quot;fadeInLeft&quot;}\" data-widget_type=\"text-editor.default\">\n\t\t\t\t<div class=\"elementor-widget-container\">\n\t\t\t\t\t\t\t\t<div class=\"elementor-text-editor elementor-clearfix\">\n\t\t\t\t<h4 style=\"text-align: center;\">Te ofrezco un espacio para analizar y revisar los problemas que se dan tanto en la comunidad homosexual como fuera de ella, desde un enfoque gest\u00e1ltico integrativo, encontrando un ambiente c\u00e1lido y confidencial libre de prejuicios.<\/h4><h4 style=\"text-align: center;\">Quiz\u00e1s, trabajar con un terapeuta con el que tienes en com\u00fan ser homosexual y adem\u00e1s ha pasado por caminos similares, te sea m\u00e1s f\u00e1cil expresarte y liberarte.<\/h4>\t\t\t\t\t<\/div>\n\t\t\t\t\t\t<\/div>\n\t\t\t\t<\/div>\n\t\t\t\t\t\t<\/div>\n\t\t\t\t\t<\/div>\n\t\t<\/div>\n\t\t\t\t\t\t\t\t<\/div>\n\t\t\t\t\t<\/div>\n\t\t<\/section>\n\t\t\t\t<section class=\"elementor-section elementor-top-section elementor-element elementor-element-61d7c7d0 elementor-section-boxed elementor-section-height-default elementor-section-height-default\" data-id=\"61d7c7d0\" data-element_type=\"section\" data-settings=\"{&quot;background_background&quot;:&quot;classic&quot;}\">\n\t\t\t\t\t\t\t<div class=\"elementor-background-overlay\"><\/div>\n\t\t\t\t\t\t\t<div class=\"elementor-container elementor-column-gap-default\">\n\t\t\t\t\t\t\t<div class=\"elementor-row\">\n\t\t\t\t\t<div class=\"elementor-column elementor-col-100 elementor-top-column elementor-element elementor-element-11ff35bb\" data-id=\"11ff35bb\" data-element_type=\"column\">\n\t\t\t<div class=\"elementor-column-wrap elementor-element-populated\">\n\t\t\t\t\t\t\t<div class=\"elementor-widget-wrap\">\n\t\t\t\t\t\t<div class=\"elementor-element elementor-element-bae918b elementor-widget elementor-widget-spacer\" data-id=\"bae918b\" data-element_type=\"widget\" data-widget_type=\"spacer.default\">\n\t\t\t\t<div class=\"elementor-widget-container\">\n\t\t\t\t\t<div class=\"elementor-spacer\">\n\t\t\t<div class=\"elementor-spacer-inner\"><\/div>\n\t\t<\/div>\n\t\t\t\t<\/div>\n\t\t\t\t<\/div>\n\t\t\t\t<div class=\"elementor-element elementor-element-75dcf16 elementor-invisible elementor-widget elementor-widget-heading\" data-id=\"75dcf16\" data-element_type=\"widget\" data-settings=\"{&quot;_animation&quot;:&quot;fadeInLeft&quot;}\" data-widget_type=\"heading.default\">\n\t\t\t\t<div class=\"elementor-widget-container\">\n\t\t\t<h2 class=\"elementor-heading-title elementor-size-default\">Testimonios de mis pacientes<\/h2>\t\t<\/div>\n\t\t\t\t<\/div>\n\t\t\t\t<section class=\"elementor-section elementor-inner-section elementor-element elementor-element-1f20b1dd elementor-section-boxed elementor-section-height-default elementor-section-height-default\" data-id=\"1f20b1dd\" data-element_type=\"section\">\n\t\t\t\t\t\t<div class=\"elementor-container elementor-column-gap-no\">\n\t\t\t\t\t\t\t<div class=\"elementor-row\">\n\t\t\t\t\t<div class=\"elementor-column elementor-col-100 elementor-inner-column elementor-element elementor-element-107f6173 animated-slow elementor-invisible\" data-id=\"107f6173\" data-element_type=\"column\" data-settings=\"{&quot;background_background&quot;:&quot;classic&quot;,&quot;animation&quot;:&quot;fadeInRight&quot;}\">\n\t\t\t<div class=\"elementor-column-wrap elementor-element-populated\">\n\t\t\t\t\t<div class=\"elementor-background-overlay\"><\/div>\n\t\t\t\t\t\t\t<div class=\"elementor-widget-wrap\">\n\t\t\t\t\t\t<div class=\"elementor-element elementor-element-5e77e376 elementor-invisible elementor-widget elementor-widget-text-editor\" data-id=\"5e77e376\" data-element_type=\"widget\" data-settings=\"{&quot;_animation&quot;:&quot;fadeInLeft&quot;}\" data-widget_type=\"text-editor.default\">\n\t\t\t\t<div class=\"elementor-widget-container\">\n\t\t\t\t\t\t\t\t<div class=\"elementor-text-editor elementor-clearfix\">\n\t\t\t\t<p class=\"western\" lang=\"es-ES\" style=\"text-align: center;\" align=\"left\"><span style=\"font-family: Liberation Sans, sans-serif;\"><span style=\"font-size: medium;\"><em>\u00abHe hecho terapia con Andr\u00e9s durante m\u00e1s de un a\u00f1o, y he disfrutado mucho de las sesiones con \u00e9l, siempre din\u00e1micas y muy enriquecedoras. Andr\u00e9s es un gran profesional, muy interesado en formarse en m\u00faltiples disciplinas, y eso se traslada a las diferentes perspectivas que aporta a su trabajo. Puedo decir que tras estos meses me siento una persona m\u00e1s completa y receptiva a aspectos m\u00e1s profundos en mis relaciones con los dem\u00e1s. Sin duda recomiendo a Andr\u00e9s como terapeuta y como compa\u00f1ero de viaje\u00bb. Dani O<\/em><\/span><\/span><\/p><p class=\"western\" lang=\"es-ES\" style=\"text-align: center;\" align=\"left\"><span style=\"font-family: Liberation Sans, sans-serif;\"><span style=\"font-size: medium;\"><em><span style=\"color: #1e1e1e;\">\u00abAndr\u00e9s descubre rincones de uno mismo inexplorados y desconocidos, acompa\u00f1\u00e1ndote para poder ir descubriendo poco a poco a encontrar la esencia de uno mismo. Le estar\u00e9 eternamente agradecido. Es un profesional que se forma continuamente y eso le ayuda a evolucionar a \u00e9l mismo como terapeuta. Es buen\u00edsimo porque cada d\u00eda tiene novedades y nuevas formas de trabajar, algo maravilloso\u00bb. David W<\/span><\/em><\/span><\/span><\/p><p class=\"western\" lang=\"es-ES\" style=\"text-align: center;\" align=\"left\"><span style=\"font-family: Liberation Sans, sans-serif;\"><span style=\"font-size: medium;\"><em><span style=\"color: #1e1e1e;\">\u00abHice terapia con Andr\u00e9s ocho meses, mi experiencia fue muy buena. Inici\u00e9 las sesiones sabiendo que algo no iba bien en mi vida: tristeza, desmotivaci\u00f3n y bastante perdido. \u00c9l y sus t\u00e9cnicas me ayudaron a ver actitudes de mi infancia, educaci\u00f3n y relaci\u00f3n con mis padres que marcaron mi vida, a reconocerlas, afrontarlas y comprender como me han condicionado en mi vida. Se convirti\u00f3 en un buen gu\u00eda que me ayudo a seguir con mi vida con recursos para comprender como soy y como act\u00fao\u00bb. Ferran <\/span><\/em><\/span><\/span><\/p><p class=\"western\" lang=\"es-ES\" style=\"text-align: center;\" align=\"left\"><span style=\"font-family: Liberation Sans, sans-serif;\"><span style=\"font-size: medium;\"><em><span style=\"color: #1e1e1e;\">\u00ab<\/span><\/em><\/span><\/span><span style=\"font-family: Liberation Sans, sans-serif;\"><span style=\"font-size: medium;\"><em><span style=\"color: #1e1e1e;\">Conoc\u00ed a Andr\u00e9s por un amigo LGTB. Aunque no pertenezco a la comunidad, me sent\u00ed muy acogida y desde el primer momento tuvimos muy buena conexi\u00f3n. Nunca hab\u00eda estado en terapia y comenc\u00e9 nerviosa, pero sin duda conocerlo ha sido m\u00e1gico, me est\u00e1 dando herramientas para saber c\u00f3mo enfrentar los problemas de otra manera y trabajamos constantemente para lograr mi mejor versi\u00f3n. Estoy contenta de que sea \u00e9l quien me est\u00e9 acompa\u00f1ando en este camino, es un excelente profesional y persona\u00bb. Sabrina\u00a0<\/span><\/em><\/span><\/span><\/p><p lang=\"es-ES\" align=\"left\"><span style=\"font-family: Liberation Sans, sans-serif;\"><span style=\"font-size: medium;\"><em>\u00abEstuve un a\u00f1o de terapia con Andr\u00e9s, gracias a ello, ahora mi modo de mirar los problemas es diferente, pienso las cosas un poco m\u00e1s antes de cualquier decisi\u00f3n y me siento m\u00e1s pleno al haber solucionado grandes problemas del pasado\u00bb. <\/em><em><span style=\"color: #1e1e1e;\">Javier B<\/span><\/em><\/span><\/span><\/p><p class=\"western\" lang=\"es-ES\" style=\"text-align: center;\" align=\"left\"><span style=\"font-family: Liberation Sans, sans-serif;\"><span style=\"font-size: medium;\"><em><span style=\"color: #1e1e1e;\"><span style=\"color: #1e1e1e; font-family: Liberation Sans, sans-serif; font-size: medium;\">\u00abComenc\u00e9 terapia con Andr\u00e9s por un tema laboral. Descubrimos lo que me preocupaba y qu\u00e9 hacer al respecto. Consegu\u00ed tener herramientas para planificar y ordenar mis ideas no solo para la b\u00fasqueda de trabajo y vida profesional, sino tambi\u00e9n para otros aspectos de la vida personal. Han pasado meses desde la \u00faltima sesi\u00f3n, pero no descarto volver para tratar temas que me rondan la cabeza y que tal vez necesiten de una ayuda externa para aclarar, y s\u00e9 que Andr\u00e9s ser\u00eda el profesional adecuado\u00bb. J.Luis Mart\u00ednez<\/span><\/span><\/em><\/span><\/span><\/p>\t\t\t\t\t<\/div>\n\t\t\t\t\t\t<\/div>\n\t\t\t\t<\/div>\n\t\t\t\t<div class=\"elementor-element elementor-element-b399ab6 elementor-widget elementor-widget-spacer\" data-id=\"b399ab6\" data-element_type=\"widget\" data-widget_type=\"spacer.default\">\n\t\t\t\t<div class=\"elementor-widget-container\">\n\t\t\t\t\t<div class=\"elementor-spacer\">\n\t\t\t<div class=\"elementor-spacer-inner\"><\/div>\n\t\t<\/div>\n\t\t\t\t<\/div>\n\t\t\t\t<\/div>\n\t\t\t\t\t\t<\/div>\n\t\t\t\t\t<\/div>\n\t\t<\/div>\n\t\t\t\t\t\t\t\t<\/div>\n\t\t\t\t\t<\/div>\n\t\t<\/section>\n\t\t\t\t\t\t<\/div>\n\t\t\t\t\t<\/div>\n\t\t<\/div>\n\t\t\t\t\t\t\t\t<\/div>\n\t\t\t\t\t<\/div>\n\t\t<\/section>\n\t\t\t\t<section class=\"elementor-section elementor-top-section elementor-element elementor-element-a476d92 elementor-section-boxed elementor-section-height-default elementor-section-height-default\" data-id=\"a476d92\" data-element_type=\"section\">\n\t\t\t\t\t\t<div class=\"elementor-container elementor-column-gap-default\">\n\t\t\t\t\t\t\t<div class=\"elementor-row\">\n\t\t\t\t\t<div class=\"elementor-column elementor-col-100 elementor-top-column elementor-element elementor-element-5ac5b6b\" data-id=\"5ac5b6b\" data-element_type=\"column\">\n\t\t\t<div class=\"elementor-column-wrap elementor-element-populated\">\n\t\t\t\t\t\t\t<div class=\"elementor-widget-wrap\">\n\t\t\t\t\t\t<section class=\"elementor-section elementor-inner-section elementor-element elementor-element-d713b85 elementor-section-boxed elementor-section-height-default elementor-section-height-default\" data-id=\"d713b85\" data-element_type=\"section\">\n\t\t\t\t\t\t<div class=\"elementor-container elementor-column-gap-default\">\n\t\t\t\t\t\t\t<div class=\"elementor-row\">\n\t\t\t\t\t<div class=\"elementor-column elementor-col-100 elementor-inner-column elementor-element elementor-element-d13d16b\" data-id=\"d13d16b\" data-element_type=\"column\">\n\t\t\t<div class=\"elementor-column-wrap elementor-element-populated\">\n\t\t\t\t\t\t\t<div class=\"elementor-widget-wrap\">\n\t\t\t\t\t\t<div class=\"elementor-element elementor-element-5973a28 elementor-invisible elementor-widget elementor-widget-text-editor\" data-id=\"5973a28\" data-element_type=\"widget\" data-settings=\"{&quot;_animation&quot;:&quot;fadeInRight&quot;}\" data-widget_type=\"text-editor.default\">\n\t\t\t\t<div class=\"elementor-widget-container\">\n\t\t\t\t\t\t\t\t<div class=\"elementor-text-editor elementor-clearfix\">\n\t\t\t\t<h2>\u00a0<\/h2><h2>Te ofrezco una <span style=\"text-decoration: underline;\">entrevista informativa gratuita<\/span> y sin compromiso.<\/h2><h2>\u00a0<\/h2><h2>Ah\u00ed podr\u00e1s contarme qu\u00e9 necesitas y te explicar\u00e9 mi m\u00e9todo de trabajo y c\u00f3mo puedo ayudarte.<\/h2><h2>(Also fluent in english).<\/h2><h2>\u00a0<\/h2><h2>+34622212321\u00a0<\/h2><h2>\u00a0<\/h2><h2>naterro21@yahoo.es<\/h2><div>\u00a0<\/div>\t\t\t\t\t<\/div>\n\t\t\t\t\t\t<\/div>\n\t\t\t\t<\/div>\n\t\t\t\t\t\t<\/div>\n\t\t\t\t\t<\/div>\n\t\t<\/div>\n\t\t\t\t\t\t\t\t<\/div>\n\t\t\t\t\t<\/div>\n\t\t<\/section>\n\t\t\t\t\t\t<\/div>\n\t\t\t\t\t<\/div>\n\t\t<\/div>\n\t\t\t\t\t\t\t\t<\/div>\n\t\t\t\t\t<\/div>\n\t\t<\/section>\n\t\t\t\t<section class=\"elementor-section elementor-top-section elementor-element elementor-element-376cce9 elementor-section-boxed elementor-section-height-default elementor-section-height-default\" data-id=\"376cce9\" data-element_type=\"section\">\n\t\t\t\t\t\t<div class=\"elementor-container elementor-column-gap-default\">\n\t\t\t\t\t\t\t<div class=\"elementor-row\">\n\t\t\t\t\t<div class=\"elementor-column elementor-col-100 elementor-top-column elementor-element elementor-element-b0b497b\" data-id=\"b0b497b\" data-element_type=\"column\">\n\t\t\t<div class=\"elementor-column-wrap elementor-element-populated\">\n\t\t\t\t\t\t\t<div class=\"elementor-widget-wrap\">\n\t\t\t\t\t\t<div class=\"elementor-element elementor-element-17994f2 elementor-widget elementor-widget-image\" data-id=\"17994f2\" data-element_type=\"widget\" data-widget_type=\"image.default\">\n\t\t\t\t<div class=\"elementor-widget-container\">\n\t\t\t\t\t\t\t\t<div class=\"elementor-image\">\n\t\t\t\t\t\t\t\t\t\t\t\t<img decoding=\"async\" src=\"https:\/\/andresmellado.es\/wp-content\/uploads\/2021\/02\/571-scaled.jpg\" title=\"571\" alt=\"571\" loading=\"lazy\" \/>\t\t\t\t\t\t\t\t\t\t\t\t\t\t<\/div>\n\t\t\t\t\t\t<\/div>\n\t\t\t\t<\/div>\n\t\t\t\t\t\t<\/div>\n\t\t\t\t\t<\/div>\n\t\t<\/div>\n\t\t\t\t\t\t\t\t<\/div>\n\t\t\t\t\t<\/div>\n\t\t<\/section>\n\t\t\t\t\t\t\t\t\t<\/div>\n\t\t\t<\/div>\n\t\t\t\t\t<\/div>\n\t\t","protected":false},"excerpt":{"rendered":"<p>Andr\u00e9s Mellado Terapeuta Integrativo LGTB Te acompa\u00f1o a sentirte mejor contigo mismo y con el mundo Qui\u00e9n soy Hola, soy Andr\u00e9s Mellado, terapeuta Integrativo LGTB. Te acompa\u00f1o a resolver conflictos o dificultades personales, emocionales o relacionales que generan sufrimiento, incertidumbre o malestar, para encontrar un equilibrio y poder vivir una vida con presencia y plenitud.&hellip;&nbsp;<a href=\"https:\/\/andresmellado.es\/\" class=\"\" rel=\"bookmark\">Leer m\u00e1s &raquo;<span class=\"screen-reader-text\">Home<\/span><\/a><\/p>\n","protected":false},"author":1,"featured_media":0,"parent":0,"menu_order":0,"comment_status":"closed","ping_status":"open","template":"page-templates\/template-pagebuilder-full-width.php","meta":{"neve_meta_sidebar":"","neve_meta_container":"","neve_meta_enable_content_width":"","neve_meta_content_width":70,"neve_meta_title_alignment":"","neve_meta_author_avatar":"","neve_post_elements_order":"","neve_meta_disable_header":"","neve_meta_disable_footer":"","neve_meta_disable_title":"","_ti_tpc_template_sync":false,"_ti_tpc_template_id":""},"_links":{"self":[{"href":"https:\/\/andresmellado.es\/index.php\/wp-json\/wp\/v2\/pages\/91"}],"collection":[{"href":"https:\/\/andresmellado.es\/index.php\/wp-json\/wp\/v2\/pages"}],"about":[{"href":"https:\/\/andresmellado.es\/index.php\/wp-json\/wp\/v2\/types\/page"}],"author":[{"embeddable":true,"href":"https:\/\/andresmellado.es\/index.php\/wp-json\/wp\/v2\/users\/1"}],"replies":[{"embeddable":true,"href":"https:\/\/andresmellado.es\/index.php\/wp-json\/wp\/v2\/comments?post=91"}],"version-history":[{"count":385,"href":"https:\/\/andresmellado.es\/index.php\/wp-json\/wp\/v2\/pages\/91\/revisions"}],"predecessor-version":[{"id":1330,"href":"https:\/\/andresmellado.es\/index.php\/wp-json\/wp\/v2\/pages\/91\/revisions\/1330"}],"wp:attachment":[{"href":"https:\/\/andresmellado.es\/index.php\/wp-json\/wp\/v2\/media?parent=91"}],"curies":[{"name":"wp","href":"https:\/\/api.w.org\/{rel}","templated":true}]}}