{"id":901,"date":"2021-01-26T23:41:46","date_gmt":"2021-01-26T23:41:46","guid":{"rendered":"http:\/\/andresmellado.es\/?page_id=901"},"modified":"2022-12-14T11:41:05","modified_gmt":"2022-12-14T11:41:05","slug":"sobre-mi-2","status":"publish","type":"page","link":"https:\/\/andresmellado.es\/index.php\/sobre-mi-2\/","title":{"rendered":"Sobre m\u00ed"},"content":{"rendered":"\t\t<div data-elementor-type=\"wp-page\" data-elementor-id=\"901\" class=\"elementor elementor-901\">\n\t\t\t\t\t\t<div class=\"elementor-inner\">\n\t\t\t\t<div class=\"elementor-section-wrap\">\n\t\t\t\t\t\t\t\t\t<section class=\"elementor-section elementor-top-section elementor-element elementor-element-3af42dd elementor-section-boxed elementor-section-height-default elementor-section-height-default\" data-id=\"3af42dd\" data-element_type=\"section\">\n\t\t\t\t\t\t<div class=\"elementor-container elementor-column-gap-default\">\n\t\t\t\t\t\t\t<div class=\"elementor-row\">\n\t\t\t\t\t<div class=\"elementor-column elementor-col-50 elementor-top-column elementor-element elementor-element-e87afc2\" data-id=\"e87afc2\" data-element_type=\"column\">\n\t\t\t<div class=\"elementor-column-wrap elementor-element-populated\">\n\t\t\t\t\t\t\t<div class=\"elementor-widget-wrap\">\n\t\t\t\t\t\t<div class=\"elementor-element elementor-element-97aaa45 elementor-invisible elementor-widget elementor-widget-text-editor\" data-id=\"97aaa45\" data-element_type=\"widget\" data-settings=\"{&quot;_animation&quot;:&quot;fadeInLeft&quot;}\" data-widget_type=\"text-editor.default\">\n\t\t\t\t<div class=\"elementor-widget-container\">\n\t\t\t\t\t\t\t\t<div class=\"elementor-text-editor elementor-clearfix\">\n\t\t\t\t<p lang=\"es-ES\"><span style=\"font-family: Noto Sans, sans-serif;\"><span style=\"font-size: x-large;\">Hola, soy Andr\u00e9s Mellado, terapeuta Gestalt LGBT+<\/span><\/span><\/p><p lang=\"es-ES\" align=\"center\"><span style=\"font-family: Noto Sans, sans-serif;\"><span style=\"font-size: x-large;\">Soy Terapeuta Gestalt homologado por la AETG, tras cuatro a\u00f1os de formaci\u00f3n y pr\u00e1cticas. Tambi\u00e9n curs\u00e9\u00a0 Postgrados sobre An\u00e1lisis de Sue\u00f1os en Terapia,\u00a0Psicolog\u00eda Sist\u00e9mica, Trauma, PNL, Coaching, Terapia Corporal Integrativa y Bioenerg\u00e9tica, adem\u00e1s trabajo activamente como terapeuta de la comunidad gay en Barcelona con m\u00e1s de 3000 horas de experiencia en terapia individual.<\/span><\/span><\/p><p lang=\"es-ES\" align=\"center\"><span style=\"font-family: Noto Sans, sans-serif;\"><span style=\"font-size: x-large;\">Mis m\u00e9todos de trabajo poseen una visi\u00f3n integradora que tambi\u00e9n incluyen la expresi\u00f3n corporal, el mindfulness, las visualizaciones, el teatro, el baile terap\u00e9utico y los conocimientos del Eneagrama para acompa\u00f1arte con todo ello en tu autodescubrimiento.<\/span><\/span><\/p><p lang=\"es-ES\" align=\"center\"><span style=\"font-family: Noto Sans, sans-serif;\"><span style=\"font-size: x-large;\">Actualmente vivo en Barcelona, soy de C\u00e1diz y mi proceso de acompa\u00f1amiento terap\u00e9utico profesional naci\u00f3 en UK en 2007, como voluntario de asociaciones LGTB.<\/span><\/span><\/p><p lang=\"es-ES\" align=\"left\"><span style=\"font-family: Noto Sans, sans-serif;\"><span style=\"font-size: x-large;\">Desde entonces he emprendido un largo camino de autodescubrimiento, tanto personal, experimentando y compartiendo conocimientos con diferentes culturas en lugares remotos del mundo, como tambi\u00e9n el conocimiento intelectual constante y mis diferentes formaciones acad\u00e9micas para estar siempre en constante evoluci\u00f3n. Mente y cuerpo son uno. <\/span><\/span><\/p><p lang=\"es-ES\" align=\"left\"><span style=\"font-family: Noto Sans, sans-serif;\"><span style=\"font-size: x-large;\">He dedicado 15 a\u00f1os de mi vida a trabajar mi cuerpo como bailar\u00edn y profesor, fui coach de bailarines y cre\u00e9 mi propia escuela y m\u00e9todo de baile terap\u00e9utico de empoderamiento, enlazando cuerpo y mente. Tambi\u00e9n pinto, creo, escribo&#8230; <\/span><\/span><\/p><p lang=\"es-ES\" align=\"left\"><span style=\"font-family: Noto Sans, sans-serif;\"><span style=\"font-size: x-large;\">Me considero artista y pienso que existe un artista dentro de cada persona, solo hemos de darle luz.<\/span><\/span><\/p><p>\u00a0<\/p>\t\t\t\t\t<\/div>\n\t\t\t\t\t\t<\/div>\n\t\t\t\t<\/div>\n\t\t\t\t\t\t<\/div>\n\t\t\t\t\t<\/div>\n\t\t<\/div>\n\t\t\t\t<div class=\"elementor-column elementor-col-50 elementor-top-column elementor-element elementor-element-4175ab2\" data-id=\"4175ab2\" data-element_type=\"column\">\n\t\t\t<div class=\"elementor-column-wrap elementor-element-populated\">\n\t\t\t\t\t\t\t<div class=\"elementor-widget-wrap\">\n\t\t\t\t\t\t<div class=\"elementor-element elementor-element-d4d3bd8 elementor-widget elementor-widget-spacer\" data-id=\"d4d3bd8\" data-element_type=\"widget\" data-widget_type=\"spacer.default\">\n\t\t\t\t<div class=\"elementor-widget-container\">\n\t\t\t\t\t<div class=\"elementor-spacer\">\n\t\t\t<div class=\"elementor-spacer-inner\"><\/div>\n\t\t<\/div>\n\t\t\t\t<\/div>\n\t\t\t\t<\/div>\n\t\t\t\t<div class=\"elementor-element elementor-element-9ff1f7a elementor-widget elementor-widget-image\" data-id=\"9ff1f7a\" data-element_type=\"widget\" data-widget_type=\"image.default\">\n\t\t\t\t<div class=\"elementor-widget-container\">\n\t\t\t\t\t\t\t\t<div class=\"elementor-image\">\n\t\t\t\t\t\t\t\t\t\t\t\t<img decoding=\"async\" src=\"https:\/\/andresmellado.es\/wp-content\/uploads\/2021\/01\/P1010032-3-scaled.jpg\" title=\"OLYMPUS DIGITAL CAMERA\" alt=\"OLYMPUS DIGITAL CAMERA\" loading=\"lazy\" \/>\t\t\t\t\t\t\t\t\t\t\t\t\t\t<\/div>\n\t\t\t\t\t\t<\/div>\n\t\t\t\t<\/div>\n\t\t\t\t\t\t<\/div>\n\t\t\t\t\t<\/div>\n\t\t<\/div>\n\t\t\t\t\t\t\t\t<\/div>\n\t\t\t\t\t<\/div>\n\t\t<\/section>\n\t\t\t\t<section class=\"elementor-section elementor-top-section elementor-element elementor-element-166989e9 elementor-section-height-min-height elementor-section-content-middle elementor-section-boxed elementor-section-height-default elementor-section-items-middle\" data-id=\"166989e9\" data-element_type=\"section\" data-settings=\"{&quot;background_background&quot;:&quot;classic&quot;}\">\n\t\t\t\t\t\t\t<div class=\"elementor-background-overlay\"><\/div>\n\t\t\t\t\t\t\t<div class=\"elementor-container elementor-column-gap-narrow\">\n\t\t\t\t\t\t\t<div class=\"elementor-row\">\n\t\t\t\t\t<div class=\"elementor-column elementor-col-33 elementor-top-column elementor-element elementor-element-782dbb5d elementor-invisible\" data-id=\"782dbb5d\" data-element_type=\"column\" data-settings=\"{&quot;animation&quot;:&quot;fadeInLeft&quot;}\">\n\t\t\t<div class=\"elementor-column-wrap elementor-element-populated\">\n\t\t\t\t\t\t\t<div class=\"elementor-widget-wrap\">\n\t\t\t\t\t\t<div class=\"elementor-element elementor-element-24d741e7 elementor-widget elementor-widget-text-editor\" data-id=\"24d741e7\" data-element_type=\"widget\" data-widget_type=\"text-editor.default\">\n\t\t\t\t<div class=\"elementor-widget-container\">\n\t\t\t\t\t\t\t\t<div class=\"elementor-text-editor elementor-clearfix\">\n\t\t\t\t<p lang=\"es-ES\" style=\"text-align: center;\" align=\"left\"><strong>Trabajar con un terapeuta que tiene en com\u00fan contigo el hecho de ser homosexual, puede que te ayude a abrirte y expresarte con m\u00e1s naturalidad.<\/strong><\/p>\t\t\t\t\t<\/div>\n\t\t\t\t\t\t<\/div>\n\t\t\t\t<\/div>\n\t\t\t\t\t\t<\/div>\n\t\t\t\t\t<\/div>\n\t\t<\/div>\n\t\t\t\t<div class=\"elementor-column elementor-col-33 elementor-top-column elementor-element elementor-element-1d2f41e8\" data-id=\"1d2f41e8\" data-element_type=\"column\">\n\t\t\t<div class=\"elementor-column-wrap elementor-element-populated\">\n\t\t\t\t\t\t\t<div class=\"elementor-widget-wrap\">\n\t\t\t\t\t\t<div class=\"elementor-element elementor-element-7f276b61 elementor-view-framed elementor-shape-circle elementor-widget elementor-widget-icon\" data-id=\"7f276b61\" data-element_type=\"widget\" data-widget_type=\"icon.default\">\n\t\t\t\t<div class=\"elementor-widget-container\">\n\t\t\t\t\t<div class=\"elementor-icon-wrapper\">\n\t\t\t<div class=\"elementor-icon\">\n\t\t\t<i aria-hidden=\"true\" class=\"fas fa-handshake\"><\/i>\t\t\t<\/div>\n\t\t<\/div>\n\t\t\t\t<\/div>\n\t\t\t\t<\/div>\n\t\t\t\t\t\t<\/div>\n\t\t\t\t\t<\/div>\n\t\t<\/div>\n\t\t\t\t<div class=\"elementor-column elementor-col-33 elementor-top-column elementor-element elementor-element-30d9430d\" data-id=\"30d9430d\" data-element_type=\"column\">\n\t\t\t<div class=\"elementor-column-wrap elementor-element-populated\">\n\t\t\t\t\t\t\t<div class=\"elementor-widget-wrap\">\n\t\t\t\t\t\t<div class=\"elementor-element elementor-element-61e2d18d elementor-widget elementor-widget-heading\" data-id=\"61e2d18d\" data-element_type=\"widget\" data-widget_type=\"heading.default\">\n\t\t\t\t<div class=\"elementor-widget-container\">\n\t\t\t<h3 class=\"elementor-heading-title elementor-size-large\">\u201cTe acompa\u00f1ar\u00e9  en tu camino de autodescubrimiento\u201d          \n    \u00bfTe animas a comenzar?<\/h3>\t\t<\/div>\n\t\t\t\t<\/div>\n\t\t\t\t<div class=\"elementor-element elementor-element-58a8a1f7 elementor-widget-divider--view-line elementor-widget elementor-widget-divider\" data-id=\"58a8a1f7\" data-element_type=\"widget\" data-widget_type=\"divider.default\">\n\t\t\t\t<div class=\"elementor-widget-container\">\n\t\t\t\t\t<div class=\"elementor-divider\">\n\t\t\t<span class=\"elementor-divider-separator\">\n\t\t\t\t\t\t<\/span>\n\t\t<\/div>\n\t\t\t\t<\/div>\n\t\t\t\t<\/div>\n\t\t\t\t<div class=\"elementor-element elementor-element-1319cf07 elementor-widget elementor-widget-text-editor\" data-id=\"1319cf07\" data-element_type=\"widget\" data-widget_type=\"text-editor.default\">\n\t\t\t\t<div class=\"elementor-widget-container\">\n\t\t\t\t\t\t\t\t<div class=\"elementor-text-editor elementor-clearfix\">\n\t\t\t\t<p>Andr\u00e9s Mellado<\/p>\t\t\t\t\t<\/div>\n\t\t\t\t\t\t<\/div>\n\t\t\t\t<\/div>\n\t\t\t\t\t\t<\/div>\n\t\t\t\t\t<\/div>\n\t\t<\/div>\n\t\t\t\t\t\t\t\t<\/div>\n\t\t\t\t\t<\/div>\n\t\t<\/section>\n\t\t\t\t\t\t\t\t\t<\/div>\n\t\t\t<\/div>\n\t\t\t\t\t<\/div>\n\t\t","protected":false},"excerpt":{"rendered":"<p>Hola, soy Andr\u00e9s Mellado, terapeuta Gestalt LGBT+ Soy Terapeuta Gestalt homologado por la AETG, tras cuatro a\u00f1os de formaci\u00f3n y pr\u00e1cticas. Tambi\u00e9n curs\u00e9\u00a0 Postgrados sobre An\u00e1lisis de Sue\u00f1os en Terapia,\u00a0Psicolog\u00eda Sist\u00e9mica, Trauma, PNL, Coaching, Terapia Corporal Integrativa y Bioenerg\u00e9tica, adem\u00e1s trabajo activamente como terapeuta de la comunidad gay en Barcelona con m\u00e1s de 3000 horas&hellip;&nbsp;<a href=\"https:\/\/andresmellado.es\/index.php\/sobre-mi-2\/\" class=\"\" rel=\"bookmark\">Leer m\u00e1s &raquo;<span class=\"screen-reader-text\">Sobre m\u00ed<\/span><\/a><\/p>\n","protected":false},"author":1,"featured_media":0,"parent":0,"menu_order":0,"comment_status":"closed","ping_status":"closed","template":"page-templates\/template-pagebuilder-full-width.php","meta":{"neve_meta_sidebar":"full-width","neve_meta_container":"","neve_meta_enable_content_width":"on","neve_meta_content_width":100,"neve_meta_title_alignment":"","neve_meta_author_avatar":"","neve_post_elements_order":"","neve_meta_disable_header":"","neve_meta_disable_footer":"","neve_meta_disable_title":"","_ti_tpc_template_sync":false,"_ti_tpc_template_id":""},"_links":{"self":[{"href":"https:\/\/andresmellado.es\/index.php\/wp-json\/wp\/v2\/pages\/901"}],"collection":[{"href":"https:\/\/andresmellado.es\/index.php\/wp-json\/wp\/v2\/pages"}],"about":[{"href":"https:\/\/andresmellado.es\/index.php\/wp-json\/wp\/v2\/types\/page"}],"author":[{"embeddable":true,"href":"https:\/\/andresmellado.es\/index.php\/wp-json\/wp\/v2\/users\/1"}],"replies":[{"embeddable":true,"href":"https:\/\/andresmellado.es\/index.php\/wp-json\/wp\/v2\/comments?post=901"}],"version-history":[{"count":137,"href":"https:\/\/andresmellado.es\/index.php\/wp-json\/wp\/v2\/pages\/901\/revisions"}],"predecessor-version":[{"id":1496,"href":"https:\/\/andresmellado.es\/index.php\/wp-json\/wp\/v2\/pages\/901\/revisions\/1496"}],"wp:attachment":[{"href":"https:\/\/andresmellado.es\/index.php\/wp-json\/wp\/v2\/media?parent=901"}],"curies":[{"name":"wp","href":"https:\/\/api.w.org\/{rel}","templated":true}]}}